{"id":7467,"date":"2025-12-12T10:44:28","date_gmt":"2025-12-12T09:44:28","guid":{"rendered":"https:\/\/polyclinique-medina.com\/?page_id=7467"},"modified":"2025-12-12T10:52:16","modified_gmt":"2025-12-12T09:52:16","slug":"rendez-vous-medina-laser","status":"publish","type":"page","link":"https:\/\/polyclinique-medina.com\/ar\/rendez-vous-medina-laser\/","title":{"rendered":"\u0627\u062d\u062c\u0632 \u0645\u0648\u0639\u062f \u0645\u0639 \u0645\u062f\u064a\u0646\u0627 \u0644\u064a\u0632\u0631"},"content":{"rendered":"\t\t<div data-elementor-type=\"wp-page\" data-elementor-id=\"7467\" class=\"elementor elementor-7467\">\n\t\t\t\t\t\t<section class=\"elementor-section elementor-top-section elementor-element elementor-element-298b731 pt-100 elementor-section-boxed elementor-section-height-default elementor-section-height-default\" data-id=\"298b731\" data-element_type=\"section\" data-e-type=\"section\">\n\t\t\t\t\t\t<div class=\"elementor-container elementor-column-gap-default\">\n\t\t\t\t\t<div class=\"elementor-column elementor-col-100 elementor-top-column elementor-element elementor-element-0e88176\" data-id=\"0e88176\" data-element_type=\"column\" data-e-type=\"column\">\n\t\t\t<div class=\"elementor-widget-wrap elementor-element-populated\">\n\t\t\t\t\t\t<section class=\"elementor-section elementor-inner-section elementor-element elementor-element-c90d53d elementor-section-full_width elementor-section-height-default elementor-section-height-default\" data-id=\"c90d53d\" data-element_type=\"section\" data-e-type=\"section\">\n\t\t\t\t\t\t<div class=\"elementor-container elementor-column-gap-default\">\n\t\t\t\t\t<div class=\"elementor-column elementor-col-50 elementor-inner-column elementor-element elementor-element-c5b0440\" data-id=\"c5b0440\" data-element_type=\"column\" data-e-type=\"column\">\n\t\t\t<div class=\"elementor-widget-wrap elementor-element-populated\">\n\t\t\t\t\t\t<div class=\"elementor-element elementor-element-d746f3b elementor-widget elementor-widget-Hospa_AppointmentCard\" data-id=\"d746f3b\" data-element_type=\"widget\" data-e-type=\"widget\" data-widget_type=\"Hospa_AppointmentCard.default\">\n\t\t\t\t<div class=\"elementor-widget-container\">\n\t\t\t\t\t\r\n        <!-- Start Card Appointment Area -->\r\n        <div class=\"sc-appointment-items\">\r\n                            <div class=\"item wrap1\">\r\n                    <h3>Soins laser de pointe<\/h3>\r\n                    <p>Des technologies modernes, comme les lasers Cutera, pour traiter efficacement les imperfections, rajeunir la peau et r\u00e9v\u00e9ler votre \u00e9clat.<\/p>\r\n                <\/div>\r\n                            <div class=\"item wrap2\">\r\n                    <h3>Solutions personnalis\u00e9es<\/h3>\r\n                    <p>Des protocoles sur mesure, adapt\u00e9s \u00e0 chaque type de peau et \u00e0 chaque objectif esth\u00e9tique pour des r\u00e9sultats visibles et naturels.<\/p>\r\n                <\/div>\r\n                            <div class=\"item wrap3\">\r\n                    <h3>Des Sp\u00e9cialistes qualifi\u00e9s<\/h3>\r\n                    <p>Une \u00e9quipe m\u00e9dicale exp\u00e9riment\u00e9e et certifi\u00e9e, d\u00e9di\u00e9e \u00e0 votre s\u00e9curit\u00e9 et \u00e0 l\u2019efficacit\u00e9 de chaque traitement.<\/p>\r\n                <\/div>\r\n                    <\/div>\r\n        <!-- End Card Appointment Area -->\r\n\r\n        \t\t\t\t<\/div>\n\t\t\t\t<\/div>\n\t\t\t\t\t<\/div>\n\t\t<\/div>\n\t\t\t\t<div class=\"elementor-column elementor-col-50 elementor-inner-column elementor-element elementor-element-53c3de8\" data-id=\"53c3de8\" data-element_type=\"column\" data-e-type=\"column\">\n\t\t\t<div class=\"elementor-widget-wrap elementor-element-populated\">\n\t\t\t\t\t\t<div class=\"elementor-element elementor-element-9988ce3 elementor-widget elementor-widget-Hospa_Skin_Appointment\" data-id=\"9988ce3\" data-element_type=\"widget\" data-e-type=\"widget\" data-widget_type=\"Hospa_Skin_Appointment.default\">\n\t\t\t\t<div class=\"elementor-widget-container\">\n\t\t\t\t\t\r\n        <!-- Start Skin Care Appointment Area -->\r\n        <div class=\"sc-appointment-form\">\r\n            <h1>R.FORM<\/h1>\r\n            <div class=\"form-wrap\">\r\n                <div class=\"content\">\r\n                    <h2>R\u00e9servez votre <strong>rendez-vous<\/strong> avec nous<\/h2>\r\n                <\/div>\r\n                                    <div class='fluentform ff-default fluentform_wrapper_3 ffs_custom_wrap'><form data-form_id=\"3\" id=\"fluentform_3\" class=\"frm-fluent-form fluent_form_3 ff-el-form-top ff_form_instance_3_1 ff-form-loading ffs_custom\" data-form_instance=\"ff_form_instance_3_1\" method=\"POST\" ><fieldset  style=\"border: none!important;margin: 0!important;padding: 0!important;background-color: transparent!important;box-shadow: none!important;outline: none!important; min-inline-size: 100%;\">\n                    <legend class=\"ff_screen_reader_title\" style=\"display: block; margin: 0!important;padding: 0!important;height: 0!important;text-indent: -999999px;width: 0!important;overflow:hidden;\">Rendez-Vous centre laser<\/legend><input type='hidden' name='__fluent_form_embded_post_id' value='7467' \/><input type=\"hidden\" id=\"_fluentform_3_fluentformnonce\" name=\"_fluentform_3_fluentformnonce\" value=\"8048afd5ce\" \/><input type=\"hidden\" name=\"_wp_http_referer\" value=\"\/ar\/wp-json\/wp\/v2\/pages\/7467\" \/><div data-name=\"ff_cn_id_1\"  class='ff-t-container ff-column-container ff_columns_total_2 '><div class='ff-t-cell ff-t-column-1' style='flex-basis: 50%;'><div data-type=\"name-element\" data-name=\"names\" class=\" ff-field_container ff-name-field-wrapper\" ><div class='ff-t-container'><div class='ff-t-cell '><div class='ff-el-group ff-el-form-top'><div class=\"ff-el-input--label ff-el-is-required asterisk-right\"><label for='ff_3_names_last_name_' id='label_ff_3_names_last_name_' >Nom et Pr\u00e9nom<\/label><\/div><div class='ff-el-input--content'><input type=\"text\" name=\"names[last_name]\" id=\"ff_3_names_last_name_\" class=\"ff-el-form-control\" placeholder=\"Saisissez votre nom et pr\u00e9nom\" aria-invalid=\"false\" aria-required=true><\/div><\/div><\/div><\/div><\/div><\/div><div class='ff-t-cell ff-t-column-2' style='flex-basis: 50%;'><div class='ff-el-group'><div class=\"ff-el-input--label ff-el-is-required asterisk-right\"><label for='ff_3_phone' id='label_ff_3_phone' aria-label=\"T\u00e9l\u00e9phone\">T\u00e9l\u00e9phone<\/label><\/div><div class='ff-el-input--content'><input name=\"phone\" class=\"ff-el-form-control ff-el-phone\" type=\"tel\" placeholder=\"Num\u00e9ro de T\u00e9l\u00e9phone\" data-name=\"phone\" id=\"ff_3_phone\" inputmode=\"tel\"  aria-invalid='false' aria-required=true><\/div><\/div><\/div><\/div><div data-name=\"ff_cn_id_2\"  class='ff-t-container ff-column-container ff_columns_total_2 '><div class='ff-t-cell ff-t-column-1' style='flex-basis: 49.23%;'><div class='ff-el-group'><div class=\"ff-el-input--label ff-el-is-required asterisk-right\"><label for='ff_3_email' id='label_ff_3_email' aria-label=\"E-mail\">E-mail<\/label><\/div><div class='ff-el-input--content'><input type=\"email\" name=\"email\" id=\"ff_3_email\" class=\"ff-el-form-control\" placeholder=\"Adresse Email\" data-name=\"email\"  aria-invalid=\"false\" aria-required=true><\/div><\/div><\/div><div class='ff-t-cell ff-t-column-2' style='flex-basis: 50.77%;'><div class='ff-el-group'><div class=\"ff-el-input--label ff-el-is-required asterisk-right\"><label for='ff_3_datetime' id='label_ff_3_datetime' aria-label=\"Date et heure souhait\u00e9e\">Date et heure souhait\u00e9e<\/label><\/div><div class='ff-el-input--content'><input  aria-label='Date et heure souhait\u00e9e Use arrow keys to navigate dates. Press enter to select a date.'  aria-haspopup='dialog' data-type-datepicker data-format='d\/m\/Y' type=\"text\" name=\"datetime\" id=\"ff_3_datetime\" class=\"ff-el-form-control ff-el-datepicker\" placeholder=\"Date et heure souhait\u00e9e\" data-name=\"datetime\"  aria-invalid='false' aria-required=true><\/div><\/div><\/div><\/div><div class='ff-el-group'><div class=\"ff-el-input--label ff-el-is-required asterisk-right\"><label for='ff_3_dropdown' id='label_ff_3_dropdown' aria-label=\"Type de service\">Type de service<\/label><\/div><div class='ff-el-input--content'><select name=\"dropdown\" id=\"ff_3_dropdown\" class=\"ff-el-form-control\" data-name=\"dropdown\" data-calc_value=\"0\"  aria-invalid=\"false\" aria-required=\"true\" aria-labelledby=\"label_ff_3_dropdown\"><option value=\"\">- Select -<\/option><option value=\"Soins Laser Cutera\"  >Soins Laser Cutera<\/option><option value=\"Soins Laser \u00c9pilatoire\"  >Soins Laser \u00c9pilatoire<\/option><\/select><\/div><\/div><div class='ff-el-group'><div class=\"ff-el-input--label ff-el-is-required asterisk-right\"><label for='ff_3_description_2' id='label_ff_3_description_2' aria-label=\"Message \/ Informations compl\u00e9mentaires\">Message \/ Informations compl\u00e9mentaires<\/label><\/div><div class='ff-el-input--content'><textarea aria-required=\"true\" aria-labelledby=\"label_ff_3_description_2\" name=\"description_2\" id=\"ff_3_description_2\" class=\"ff-el-form-control\" placeholder=\"Message\" rows=\"2\" cols=\"2\" data-name=\"description_2\" ><\/textarea><\/div><\/div><div class='ff-el-group ff-text-left ff_submit_btn_wrapper'><button type=\"submit\" class=\"ff-btn ff-btn-submit ff-btn-md ff_btn_style\"  aria-label=\"Prendre Rendez-Vous!\">Prendre Rendez-Vous!<\/button><\/div><\/fieldset><\/form><div id='fluentform_3_errors' class='ff-errors-in-stack ff_form_instance_3_1 ff-form-loading_errors ff_form_instance_3_1_errors'><\/div><\/div>            <script type=\"text\/javascript\">\n                window.fluent_form_ff_form_instance_3_1 = {\"id\":\"3\",\"settings\":{\"layout\":{\"labelPlacement\":\"top\",\"asteriskPlacement\":\"asterisk-right\",\"helpMessagePlacement\":\"with_label\",\"errorMessagePlacement\":\"inline\",\"cssClassName\":\"\"},\"restrictions\":{\"denyEmptySubmission\":{\"enabled\":false}}},\"form_instance\":\"ff_form_instance_3_1\",\"form_id_selector\":\"fluentform_3\",\"rules\":{\"names[first_name]\":{\"required\":{\"value\":true,\"message\":\"This field is required\",\"global_message\":\"Ce champ est obligatoire\",\"global\":true}},\"names[middle_name]\":{\"required\":{\"value\":false,\"message\":\"This field is required\",\"global_message\":\"Ce champ est obligatoire\",\"global\":true}},\"names[last_name]\":{\"required\":{\"value\":true,\"message\":\"This field is required\",\"global_message\":\"Ce champ est obligatoire\",\"global\":true}},\"phone\":{\"required\":{\"value\":true,\"message\":\"Ce champ est requis\",\"global\":false,\"global_message\":\"Ce champ est obligatoire\"},\"valid_phone_number\":{\"value\":false,\"message\":\"Le num\\u00e9ro de t\\u00e9l\\u00e9phone n'est pas valide\",\"global\":false,\"global_message\":\"Le num\\u00e9ro de t\\u00e9l\\u00e9phone est invalide\"}},\"email\":{\"required\":{\"value\":true,\"message\":\"This field is required\",\"global_message\":\"Ce champ est obligatoire\",\"global\":true},\"email\":{\"value\":true,\"message\":\"This field must contain a valid email\",\"global_message\":\"Ce champ doit contenir un e-mail valide\",\"global\":true}},\"datetime\":{\"required\":{\"value\":true,\"message\":\"This field is required\",\"global_message\":\"Ce champ est obligatoire\",\"global\":true}},\"dropdown\":{\"required\":{\"value\":true,\"message\":\"This field is required\",\"global_message\":\"Ce champ est obligatoire\",\"global\":true}},\"description_2\":{\"required\":{\"value\":true,\"message\":\"This field is required\",\"global_message\":\"Ce champ est obligatoire\",\"global\":true}}},\"debounce_time\":300};\n                            <\/script>\n                                        <\/div>\r\n        <\/div>\r\n        <!-- End Skin Care Appointment Area -->\r\n\r\n        \t\t\t\t<\/div>\n\t\t\t\t<\/div>\n\t\t\t\t\t<\/div>\n\t\t<\/div>\n\t\t\t\t\t<\/div>\n\t\t<\/section>\n\t\t\t\t\t<\/div>\n\t\t<\/div>\n\t\t\t\t\t<\/div>\n\t\t<\/section>\n\t\t\t\t<\/div>\n\t\t","protected":false},"excerpt":{"rendered":"<p>Soins laser de pointe Des technologies modernes, comme les lasers Cutera, pour traiter efficacement les imperfections, rajeunir la peau et r\u00e9v\u00e9ler votre \u00e9clat. Solutions personnalis\u00e9es Des protocoles sur mesure, adapt\u00e9s \u00e0 chaque type de peau et \u00e0 chaque objectif esth\u00e9tique pour des r\u00e9sultats visibles et naturels. Des Sp\u00e9cialistes qualifi\u00e9s Une \u00e9quipe m\u00e9dicale exp\u00e9riment\u00e9e et certifi\u00e9e, <\/p>","protected":false},"author":1,"featured_media":0,"parent":0,"menu_order":0,"comment_status":"closed","ping_status":"closed","template":"","meta":{"_acf_changed":false,"footnotes":""},"class_list":["post-7467","page","type-page","status-publish","hentry"],"acf":[],"_links":{"self":[{"href":"https:\/\/polyclinique-medina.com\/ar\/wp-json\/wp\/v2\/pages\/7467","targetHints":{"allow":["GET"]}}],"collection":[{"href":"https:\/\/polyclinique-medina.com\/ar\/wp-json\/wp\/v2\/pages"}],"about":[{"href":"https:\/\/polyclinique-medina.com\/ar\/wp-json\/wp\/v2\/types\/page"}],"author":[{"embeddable":true,"href":"https:\/\/polyclinique-medina.com\/ar\/wp-json\/wp\/v2\/users\/1"}],"replies":[{"embeddable":true,"href":"https:\/\/polyclinique-medina.com\/ar\/wp-json\/wp\/v2\/comments?post=7467"}],"version-history":[{"count":0,"href":"https:\/\/polyclinique-medina.com\/ar\/wp-json\/wp\/v2\/pages\/7467\/revisions"}],"wp:attachment":[{"href":"https:\/\/polyclinique-medina.com\/ar\/wp-json\/wp\/v2\/media?parent=7467"}],"curies":[{"name":"wp","href":"https:\/\/api.w.org\/{rel}","templated":true}]}}