{"id":6626,"date":"2025-12-07T23:46:01","date_gmt":"2025-12-07T22:46:01","guid":{"rendered":"https:\/\/polyclinique-medina.com\/?page_id=6626"},"modified":"2025-12-12T16:32:24","modified_gmt":"2025-12-12T15:32:24","slug":"sejour-hospitalisation","status":"publish","type":"page","link":"https:\/\/polyclinique-medina.com\/ar\/sejour-hospitalisation\/","title":{"rendered":"\u0627\u0644\u0625\u0642\u0627\u0645\u0629 \u0648\u0627\u0644\u0627\u0633\u062a\u0634\u0641\u0627\u0621"},"content":{"rendered":"<div data-elementor-type=\"wp-page\" data-elementor-id=\"6626\" class=\"elementor elementor-6626\">\n\t\t\t\t\t\t<section class=\"elementor-section elementor-top-section elementor-element elementor-element-19b0306 elementor-section-boxed elementor-section-height-default elementor-section-height-default\" data-id=\"19b0306\" data-element_type=\"section\" data-e-type=\"section\">\n\t\t\t\t\t\t<div class=\"elementor-container elementor-column-gap-default\">\n\t\t\t\t\t<div class=\"elementor-column elementor-col-100 elementor-top-column elementor-element elementor-element-c84f6db\" data-id=\"c84f6db\" data-element_type=\"column\" data-e-type=\"column\">\n\t\t\t<div class=\"elementor-widget-wrap elementor-element-populated\">\n\t\t\t\t\t\t<div class=\"elementor-element elementor-element-a7318d4 elementor-widget-tablet__width-initial elementor-widget elementor-widget-Hospa_ServicesPost_Maternity\" data-id=\"a7318d4\" data-element_type=\"widget\" data-e-type=\"widget\" data-widget_type=\"Hospa_ServicesPost_Maternity.default\">\n\t\t\t\t<div class=\"elementor-widget-container\">\n\t\t\t\t\t\n        <!-- Start MC Services Area -->\n        <div class=\"mc-services-area ptb-100\">\n            <div class=\"container\">\n                <div class=\"section-title wrap-style2\" data-cues=\"slideInUp\">\n                    <div class=\"row justify-content-center align-items-center\">\n                        <div class=\"col-lg-6 col-md-12\">\n                            <div class=\"left\">\n                                                                    <span class=\"sub\">\u0627\u0644\u0625\u0642\u0627\u0645\u0629 \u0648\u0627\u0644\u0627\u0633\u062a\u0634\u0641\u0627\u0621<\/span>\n                                                                                                    <h2>\u0627\u0644\u0631\u0627\u062d\u0629 <b>\u0627\u0644\u0627\u0633\u062a\u0642\u0628\u0627\u0644 \u0648\u0627\u0644\u0631\u0639\u0627\u064a\u0629<\/b> \u0644\u0625\u0642\u0627\u0645\u0629 \u0647\u0627\u062f\u0626\u0629<\/h2>\n                                                            <\/div>\n                        <\/div>\n                        <div class=\"col-lg-6 col-md-12\">\n                            <div class=\"right\">\n                                                            <\/div>\n                        <\/div>\n                    <\/div>\n                <\/div>\n                <div class=\"row justify-content-center\" data-cues=\"slideInUp\">\n                    <div class=\"col-lg-5 col-md-12\">\n                                                    <div class=\"mc-services-image\">\n                                <img decoding=\"async\" src=\"https:\/\/polyclinique-medina.com\/wp-content\/uploads\/2025\/12\/medium-shot-doctor-talking-patient-e1765183671343.png\" alt=\"image\">\n                            <\/div>\n                                            <\/div>\n                    <div class=\"col-lg-7 col-md-12\">\n                        <div class=\"mc-services-items\">\n                                                        <div class=\"item\">\n                                <h3><span>01.<\/span> <a href=\"https:\/\/polyclinique-medina.com\/ar\/services-post\/reception\/\">\u0627\u0644\u0627\u0633\u062a\u0642\u0628\u0627\u0644<\/a><\/h3>\n                                <div class=\"image\">\n                                                                            <a href=\"https:\/\/polyclinique-medina.com\/ar\/services-post\/reception\/\">\n                                            <img decoding=\"async\" src=\"https:\/\/polyclinique-medina.com\/wp-content\/uploads\/2025\/01\/Reception-2.jpg\" alt=\"R\u00e9ception\">\n                                        <\/a>\n                                                                                                        <\/div>\n                                <p>\u0627\u0633\u062a\u0642\u0628\u0627\u0644 \u062c\u064a\u062f \u0645\u0639 \u062a\u0642\u062f\u064a\u0645 \u0627\u0644\u0625\u0631\u0634\u0627\u062f \u0648\u0627\u0644\u062a\u0648\u062c\u064a\u0647 \u0625\u0644\u0649 \u0627\u0644\u062e\u062f\u0645\u0627\u062a \u0627\u0644\u0645\u0639\u0646\u064a\u0629. \u0633\u064a\u0633\u062a\u0642\u0628\u0644\u0643 \u0645\u0648\u0638\u0641\u0648\u0646\u0627 \u0627\u0644\u0645\u062f\u0631\u0628\u0648\u0646 \u0648\u064a\u0633\u0627\u0639\u062f\u0648\u0646\u0643 \u0641\u064a \u0625\u062a\u0645\u0627\u0645 \u062c\u0645\u064a\u0639 \u0627\u0644\u0645\u0633\u062a\u0646\u062f\u0627\u062a \u0627\u0644\u0625\u062f\u0627\u0631\u064a\u0629 \u0627\u0644\u0644\u0627\u0632\u0645\u0629 \u0644\u0625\u0642\u0627\u0645\u062a\u0643 \u0628\u0627\u0644\u0645\u0633\u062a\u0634\u0641\u0649.<\/p>\n                            <\/div>\n                                                        <div class=\"item\">\n                                <h3><span>02.<\/span> <a href=\"https:\/\/polyclinique-medina.com\/ar\/services-post\/sejour\/\">\u0627\u0644\u0625\u0642\u0627\u0645\u0629<\/a><\/h3>\n                                <div class=\"image\">\n                                                                            <a href=\"https:\/\/polyclinique-medina.com\/ar\/services-post\/sejour\/\">\n                                            <img decoding=\"async\" src=\"https:\/\/polyclinique-medina.com\/wp-content\/uploads\/2025\/01\/Sejour.jpeg\" alt=\"S\u00e9jour\">\n                                        <\/a>\n                                                                                                        <\/div>\n                                <p>\u062a\u0645\u062a\u0644\u0643 \u0627\u0644\u0639\u064a\u0627\u062f\u0629 \u0645\u062a\u0639\u062f\u062f\u0629 \u0627\u0644\u062a\u062e\u0635\u0635\u0627\u062a \u0635\u0641\u0627\u0642\u0633 \u0645\u062f\u064a\u0646\u0627 3 \u0637\u0648\u0627\u0628\u0642 \u0645\u062e\u0635\u0635\u0629 \u0644\u0644\u0627\u0633\u062a\u0634\u0641\u0627\u0621 \u0641\u064a \u063a\u0631\u0641 \u0648\u0623\u062c\u0646\u062d\u0629 \u0645\u0631\u064a\u062d\u0629 \u0648\u0645\u0647\u064a\u0623\u0629 \u0628\u0634\u0643\u0644 \u062c\u064a\u062f \u0644\u0625\u0642\u0627\u0645\u0629 \u0645\u0645\u062a\u0639\u0629.<br>\r\n\u062a\u062a\u0645\u064a\u0632 \u0627\u0644\u063a\u0631\u0641 \u0628\u062a\u0635\u0645\u064a\u0645 \u0645\u0639\u0645\u0627\u0631\u064a \u062d\u062f\u064a\u062b\u060c \u0648\u062f\u064a\u0643\u0648\u0631 \u062c\u0630\u0627\u0628\u060c \u0648\u062a\u0643\u064a\u064a\u0641 \u0645\u0631\u0643\u0632\u064a\u060c \u0648\u062a\u0644\u0641\u0627\u0632\u060c \u0648\u0647\u0627\u062a\u0641\u060c \u0648\u0646\u0638\u0627\u0645 \u0627\u0633\u062a\u062f\u0639\u0627\u0621\u060c \u0628\u0627\u0644\u0625\u0636\u0627\u0641\u0629 \u0625\u0644\u0649 \u062a\u062c\u0647\u064a\u0632\u0627\u062a \u0635\u062d\u064a\u0629 \u0648\u0637\u0628\u064a\u0629 \u0639\u0627\u0644\u064a\u0629 \u0627\u0644\u0645\u0633\u062a\u0648\u0649.<br>\r\n\u0641\u0631\u064a\u0642 \u0645\u0624\u0647\u0644 \u064a\u062d\u064a\u0637 \u0628\u0643 \u0645\u0647\u0645\u062a\u0647 \u062a\u0642\u062f\u064a\u0645 \u0623\u0641\u0636\u0644 \u0627\u0644\u0631\u0639\u0627\u064a\u0629 \u0644\u0643\u060c \u0645\u0639 \u062a\u0648\u0641\u064a\u0631 \u0627\u0644\u062f\u0639\u0645 \u0648\u0627\u0644\u0631\u0627\u062d\u0629 \u0627\u0644\u062a\u064a \u0642\u062f \u062a\u062d\u062a\u0627\u062c\u0647\u0627.<\/p>\n                            <\/div>\n                                                        <div class=\"item\">\n                                <h3><span>03.<\/span> <a href=\"https:\/\/polyclinique-medina.com\/ar\/services-post\/imagerie-medicale\/\">\u0627\u0644\u062a\u0635\u0648\u064a\u0631 \u0627\u0644\u0637\u0628\u064a<\/a><\/h3>\n                                <div class=\"image\">\n                                                                            <a href=\"https:\/\/polyclinique-medina.com\/ar\/services-post\/imagerie-medicale\/\">\n                                            <img decoding=\"async\" src=\"https:\/\/polyclinique-medina.com\/wp-content\/uploads\/2025\/01\/Imagerie-Medicale.jpeg\" alt=\"Imagerie M\u00e9dicale\">\n                                        <\/a>\n                                                                                                        <\/div>\n                                <p>\u062a\u0636\u0645 \u0627\u0644\u0639\u064a\u0627\u062f\u0629 \u062e\u062f\u0645\u0629 \u062a\u0635\u0648\u064a\u0631 \u0637\u0628\u064a \u062d\u062f\u064a\u062b\u0629 \u062a\u0634\u0645\u0644: \u0627\u0644\u0623\u0634\u0639\u0629 \u0627\u0644\u0631\u0642\u0645\u064a\u0629\u060c \u0627\u0644\u0645\u0648\u062c\u0627\u062a \u0641\u0648\u0642 \u0627\u0644\u0635\u0648\u062a\u064a\u0629 \u0648\u0627\u0644\u062f\u0648\u0628\u0644\u0631 \u0627\u0644\u0645\u0644\u0648\u0646\u060c \u0627\u0644\u0623\u0634\u0639\u0629 \u0627\u0644\u0645\u0642\u0637\u0639\u064a\u0629\u060c \u062a\u0635\u0648\u064a\u0631 \u0627\u0644\u062b\u062f\u064a \u0627\u0644\u0634\u0639\u0627\u0639\u064a\u060c \u0627\u0644\u0623\u0634\u0639\u0629 \u0627\u0644\u0633\u0646\u064a\u0629\u060c \u0642\u064a\u0627\u0633 \u0643\u062b\u0627\u0641\u0629 \u0627\u0644\u0639\u0638\u0627\u0645 \u0648\u0627\u0644\u0631\u0646\u064a\u0646 \u0627\u0644\u0645\u063a\u0646\u0627\u0637\u064a\u0633\u064a (MRI).\r\n  <ul style=\"list-style:none; padding:0; margin:0;\">\r\n    <li style=\"display:flex; align-items:center; gap:10px; padding:6px 0;\">\r\n      <span aria-hidden=\"true\" style=\"font-size:18px;\">\ud83d\udd0d<\/span>\r\n      <span>\u0623\u0634\u0639\u0629 \u0645\u0642\u0637\u0639\u064a\u0629 \u0644\u0644\u0623\u0648\u0639\u064a\u0629 \u0627\u0644\u062f\u0645\u0648\u064a\u0629 \u0627\u0644\u0637\u0631\u0641\u064a\u0629<\/span>\r\n    <\/li>\r\n\r\n    <li style=\"display:flex; align-items:center; gap:10px; padding:6px 0;\">\r\n      <span aria-hidden=\"true\" style=\"font-size:18px;\">\ud83e\udde0<\/span>\r\n      <span>\u0623\u0634\u0639\u0629 \u0645\u0642\u0637\u0639\u064a\u0629 \u0644\u0644\u0623\u0648\u0639\u064a\u0629 \u0627\u0644\u062f\u0645\u0648\u064a\u0629 \u0627\u0644\u062f\u0645\u0627\u063a\u064a\u0629<\/span>\r\n    <\/li>\r\n\r\n    <li style=\"display:flex; align-items:center; gap:10px; padding:6px 0;\">\r\n      <span aria-hidden=\"true\" style=\"font-size:18px;\">\ud83e\udec1<\/span>\r\n      <span>\u0623\u0634\u0639\u0629 \u0645\u0642\u0637\u0639\u064a\u0629 \u0644\u0644\u0623\u0648\u0639\u064a\u0629 \u0627\u0644\u0635\u062f\u0631\u064a\u0629 \u0648\u0627\u0644\u0628\u0637\u0646\u064a\u0629<\/span>\r\n    <\/li>\r\n\r\n    <li style=\"display:flex; align-items:center; gap:10px; padding:6px 0;\">\r\n      <span aria-hidden=\"true\" style=\"font-size:18px;\">\ud83d\udce1<\/span>\r\n      <span>\u0623\u0634\u0639\u0629 \u0645\u0642\u0637\u0639\u064a\u0629 \u0644\u062c\u0645\u064a\u0639 \u0627\u0644\u0645\u0646\u0627\u0637\u0642 (\u0627\u0644\u0635\u062f\u0631\u060c \u0627\u0644\u0628\u0637\u0646\u060c \u0627\u0644\u062d\u0648\u0636 \u2026)<\/span>\r\n    <\/li>\r\n\r\n    <li style=\"display:flex; align-items:center; gap:10px; padding:6px 0;\">\r\n      <span aria-hidden=\"true\" style=\"font-size:18px;\">\ud83d\uddbc\ufe0f<\/span>\r\n      <span>\u0625\u0639\u0627\u062f\u0629 \u062a\u0643\u0648\u064a\u0646 \u062b\u0644\u0627\u062b\u064a\u0629 \u0627\u0644\u0623\u0628\u0639\u0627\u062f \u0645\u0644\u0648\u0646\u0629<\/span>\r\n    <\/li>\r\n\r\n    <li style=\"display:flex; align-items:center; gap:10px; padding:6px 0;\">\r\n      <span aria-hidden=\"true\" style=\"font-size:18px;\">\ud83e\uddb7<\/span>\r\n      <span>\u0627\u0644\u0623\u0634\u0639\u0629 \u0627\u0644\u0645\u0642\u0637\u0639\u064a\u0629 \u0644\u0644\u0623\u0633\u0646\u0627\u0646 \u0644\u0632\u0631\u0627\u0639\u0629 \u0627\u0644\u0623\u0633\u0646\u0627\u0646<\/span>\r\n    <\/li>\r\n  <\/ul><\/p>\n                            <\/div>\n                                                        <div class=\"item\">\n                                <h3><span>04.<\/span> <a href=\"https:\/\/polyclinique-medina.com\/ar\/services-post\/repas\/\">\u0627\u0644\u0648\u062c\u0628\u0627\u062a<\/a><\/h3>\n                                <div class=\"image\">\n                                                                            <a href=\"https:\/\/polyclinique-medina.com\/ar\/services-post\/repas\/\">\n                                            <img decoding=\"async\" src=\"https:\/\/polyclinique-medina.com\/wp-content\/uploads\/2025\/01\/Repas.jpeg\" alt=\"Repas\">\n                                        <\/a>\n                                                                                                        <\/div>\n                                <p>\u064a\u0642\u062f\u0645 \u0645\u0637\u0628\u062e \u0627\u0644\u0645\u0624\u0633\u0633\u0629 \u0642\u0648\u0627\u0626\u0645 \u0637\u0639\u0627\u0645 \u0645\u062a\u0646\u0648\u0639\u0629 \u0648\u0645\u062a\u0648\u0627\u0632\u0646\u0629\u060c \u0645\u0639 \u0645\u0631\u0627\u0639\u0627\u0629 \u0648\u0635\u0641\u0627\u062a \u0627\u0644\u0637\u0628\u064a\u0628 \u0648\u062d\u0627\u0644\u0629 \u0627\u0644\u0645\u0631\u064a\u0636 \u0627\u0644\u0635\u062d\u064a\u0629. \u064a\u062a\u0645 \u062a\u0642\u062f\u064a\u0645 \u0627\u0644\u0648\u062c\u0628\u0627\u062a \u0645\u0646 \u0642\u0628\u0644 \u0641\u0631\u064a\u0642 \u0627\u0644\u062a\u063a\u0630\u064a\u0629 \u0641\u064a \u0627\u0644\u0623\u0648\u0642\u0627\u062a \u0627\u0644\u062a\u0627\u0644\u064a\u0629:<br>\r\n  <li style=\"display:flex; align-items:center; gap:10px; padding:8px 0;\">\r\n      <!-- icon: petit-d\u00e9jeuner -->\r\n      <span aria-hidden=\"true\" style=\"display:inline-flex; width:28px; height:28px; align-items:center; justify-content:center; font-size:18px;\">\ud83c\udf7d\ufe0f<\/span>\r\n      <div>\r\n        <strong>\u0627\u0644\u0625\u0641\u0637\u0627\u0631:<\/strong>\r\n        <span>\u0645\u0646 \u0627\u0644\u0633\u0627\u0639\u0629 08:00<\/span>\r\n      <\/div>\r\n    <\/li>\r\n<li style=\"display:flex; align-items:center; gap:10px; padding:8px 0;\">\r\n      <!-- icon: d\u00e9jeuner -->\r\n      <span aria-hidden=\"true\" style=\"display:inline-flex; width:28px; height:28px; align-items:center; justify-content:center; font-size:18px;\">\ud83e\udd57<\/span>\r\n      <div>\r\n        <strong>\u0627\u0644\u063a\u062f\u0627\u0621:<\/strong>\r\n        <span>\u0645\u0646 \u0627\u0644\u0633\u0627\u0639\u0629 12:00<\/span>\r\n      <\/div>\r\n    <\/li>\r\n\r\n    <li style=\"display:flex; align-items:center; gap:10px; padding:8px 0;\">\r\n      <!-- icon: d\u00eener -->\r\n      <span aria-hidden=\"true\" style=\"display:inline-flex; width:28px; height:28px; align-items:center; justify-content:center; font-size:18px;\">\ud83c\udf19<\/span>\r\n      <div>\r\n        <strong>\u0627\u0644\u0639\u0634\u0627\u0621<\/strong>\r\n        <span>\u0645\u0646 \u0627\u0644\u0633\u0627\u0639\u0629 19:00<\/span>\r\n      <\/div>\r\n    <\/li><\/p>\n                            <\/div>\n                                                    <\/div>\n                    <\/div>\n                <\/div>\n            <\/div>\n        <\/div>\n        <!-- End MC Services Area -->\n\n        \t\t\t\t<\/div>\n\t\t\t\t<\/div>\n\t\t\t\t\t<\/div>\n\t\t<\/div>\n\t\t\t\t\t<\/div>\n\t\t<\/section>\n\t\t\t\t<\/div>","protected":false},"excerpt":{"rendered":"<p>S\u00e9jour &amp; Hospitalisation Confort, accueil et soins pour un s\u00e9jour serein. 01. R\u00e9ception Un bon accueil avec conseil et orientation aux services concern\u00e9s. Notre personnel form\u00e9 vous accueillera et validera avec vous tous les documents administratifs n\u00e9cessaires \u00e0 votre hospitalisation. 02. S\u00e9jour La Polyclinique Sfax Medina dispose de 3 \u00e9tages r\u00e9serv\u00e9s \u00e0 l\u2019hospitalisation dans des <\/p>","protected":false},"author":1,"featured_media":0,"parent":0,"menu_order":0,"comment_status":"closed","ping_status":"closed","template":"","meta":{"_acf_changed":false,"footnotes":""},"class_list":["post-6626","page","type-page","status-publish","hentry"],"acf":[],"_links":{"self":[{"href":"https:\/\/polyclinique-medina.com\/ar\/wp-json\/wp\/v2\/pages\/6626","targetHints":{"allow":["GET"]}}],"collection":[{"href":"https:\/\/polyclinique-medina.com\/ar\/wp-json\/wp\/v2\/pages"}],"about":[{"href":"https:\/\/polyclinique-medina.com\/ar\/wp-json\/wp\/v2\/types\/page"}],"author":[{"embeddable":true,"href":"https:\/\/polyclinique-medina.com\/ar\/wp-json\/wp\/v2\/users\/1"}],"replies":[{"embeddable":true,"href":"https:\/\/polyclinique-medina.com\/ar\/wp-json\/wp\/v2\/comments?post=6626"}],"version-history":[{"count":0,"href":"https:\/\/polyclinique-medina.com\/ar\/wp-json\/wp\/v2\/pages\/6626\/revisions"}],"wp:attachment":[{"href":"https:\/\/polyclinique-medina.com\/ar\/wp-json\/wp\/v2\/media?parent=6626"}],"curies":[{"name":"wp","href":"https:\/\/api.w.org\/{rel}","templated":true}]}}